{"id":967,"date":"2025-04-18T21:43:43","date_gmt":"2025-04-18T19:43:43","guid":{"rendered":"http:\/\/usecv.inf.ucv.cl\/txvalparaiso\/?page_id=967"},"modified":"2025-04-24T02:08:54","modified_gmt":"2025-04-24T00:08:54","slug":"inicio","status":"publish","type":"page","link":"http:\/\/usecv.inf.ucv.cl\/txvalparaiso\/","title":{"rendered":"Inicio"},"content":{"rendered":"\t\t<div data-elementor-type=\"wp-page\" data-elementor-id=\"967\" class=\"elementor elementor-967\">\n\t\t\t\t\t\t<section class=\"has_ma_el_bg_slider elementor-section elementor-top-section elementor-element elementor-element-2e703a0 elementor-section-content-middle elementor-reverse-mobile elementor-section-boxed elementor-section-height-default elementor-section-height-default jltma-glass-effect-no wpr-particle-no wpr-jarallax-no wpr-parallax-no wpr-sticky-section-no\" data-id=\"2e703a0\" data-element_type=\"section\" data-settings=\"{&quot;background_background&quot;:&quot;classic&quot;}\">\n\t\t\t\t\t\t<div class=\"elementor-container elementor-column-gap-no\">\n\t\t\t\t\t<div class=\"has_ma_el_bg_slider elementor-column elementor-col-50 elementor-top-column elementor-element elementor-element-4e56f5f1 jltma-glass-effect-no\" data-id=\"4e56f5f1\" data-element_type=\"column\">\n\t\t\t<div class=\"elementor-widget-wrap elementor-element-populated\">\n\t\t\t\t\t\t<div class=\"elementor-element elementor-element-60e29f21 jltma-glass-effect-no elementor-widget elementor-widget-heading\" data-id=\"60e29f21\" data-element_type=\"widget\" data-widget_type=\"heading.default\">\n\t\t\t\t<div class=\"elementor-widget-container\">\n\t\t\t\t\t<h1 class=\"elementor-heading-title elementor-size-default\">Entendiendo la Experiencia del Turista Post Pandemia<\/h1>\t\t\t\t<\/div>\n\t\t\t\t<\/div>\n\t\t\t\t<div class=\"elementor-element elementor-element-3e2bd3e2 jltma-glass-effect-no elementor-widget elementor-widget-text-editor\" data-id=\"3e2bd3e2\" data-element_type=\"widget\" data-widget_type=\"text-editor.default\">\n\t\t\t\t<div class=\"elementor-widget-container\">\n\t\t\t\t\t\t\t\t\t<p>Un proyecto de investigaci\u00f3n interdisciplinario financiado por la Agencia Nacional de Investigaci\u00f3n y Desarrollo (ANID), en que colaboran investigadores de la Pontificia Universidad Cat\u00f3lica de Valpara\u00edso (PUCV) y la Universidad de Playa Ancha (UPLA).<\/p>\t\t\t\t\t\t\t\t<\/div>\n\t\t\t\t<\/div>\n\t\t\t\t<div class=\"elementor-element elementor-element-674dfb04 elementor-align-center jltma-glass-effect-no elementor-widget elementor-widget-button\" data-id=\"674dfb04\" data-element_type=\"widget\" data-widget_type=\"button.default\">\n\t\t\t\t<div class=\"elementor-widget-container\">\n\t\t\t\t\t\t\t\t\t<div class=\"elementor-button-wrapper\">\n\t\t\t\t\t<a class=\"elementor-button elementor-button-link elementor-size-sm\" href=\"#\">\n\t\t\t\t\t\t<span class=\"elementor-button-content-wrapper\">\n\t\t\t\t\t\t\t\t\t<span class=\"elementor-button-text\">Saber m\u00e1s<\/span>\n\t\t\t\t\t<\/span>\n\t\t\t\t\t<\/a>\n\t\t\t\t<\/div>\n\t\t\t\t\t\t\t\t<\/div>\n\t\t\t\t<\/div>\n\t\t\t\t\t<\/div>\n\t\t<\/div>\n\t\t\t\t<div class=\"has_ma_el_bg_slider elementor-column elementor-col-50 elementor-top-column elementor-element elementor-element-6b0b7ad5 jltma-glass-effect-no\" data-id=\"6b0b7ad5\" data-element_type=\"column\">\n\t\t\t<div class=\"elementor-widget-wrap elementor-element-populated\">\n\t\t\t\t\t\t<div class=\"elementor-element elementor-element-29cf5e92 jltma-glass-effect-no elementor-widget elementor-widget-image\" data-id=\"29cf5e92\" data-element_type=\"widget\" data-widget_type=\"image.default\">\n\t\t\t\t<div class=\"elementor-widget-container\">\n\t\t\t\t\t\t\t\t\t\t\t\t\t\t\t<img fetchpriority=\"high\" decoding=\"async\" width=\"768\" height=\"512\" src=\"http:\/\/usecv.inf.ucv.cl\/txvalparaiso\/wp-content\/uploads\/sites\/4\/2025\/04\/ChatGPT-Image-23-abr-2025-07_57_20-p.m-768x512.png\" class=\"attachment-medium_large size-medium_large wp-image-1121\" alt=\"\" \/>\t\t\t\t\t\t\t\t\t\t\t\t\t\t\t<\/div>\n\t\t\t\t<\/div>\n\t\t\t\t\t<\/div>\n\t\t<\/div>\n\t\t\t\t\t<\/div>\n\t\t<\/section>\n\t\t<div class=\"elementor-element elementor-element-a9f9a6f e-flex e-con-boxed wpr-particle-no wpr-jarallax-no wpr-parallax-no wpr-sticky-section-no e-con e-parent\" data-id=\"a9f9a6f\" data-element_type=\"container\">\n\t\t\t\t\t<div class=\"e-con-inner\">\n\t\t\t\t<div class=\"elementor-element elementor-element-22751f0 section-title-style-style4 jltma-glass-effect-no elementor-widget elementor-widget-tpg-section-title\" data-id=\"22751f0\" data-element_type=\"widget\" data-widget_type=\"tpg-section-title.default\">\n\t\t\t\t<div class=\"elementor-widget-container\">\n\t\t\t\t\t\t\t<div class=\"rt-container-fluid rt-tpg-container tpg-el-main-wrapper clearfix  section-title-style-style4\">\n\t\t\t<div class='tpg-header-wrapper'>\n        <div class=\"tpg-widget-heading-wrapper rt-clear heading-style4 \">\n            <span class=\"tpg-widget-heading-line line-left\"><\/span>\n\t\t\t<h2 class='tpg-widget-heading'>\n\t\t\t\n\t\t\t\t                    <span>\n\t\t\t\t\t\tObjetivo General\t\t\t\t\t<\/span>\n\t\t\t\t\t\n\t\t\t\t\t\t\t<\/h2>            <span class=\"tpg-widget-heading-line line-right\"><\/span>\n\n\t\t\t\n        <\/div>\n\n\t\t\n\t\t<\/div>\t\t<\/div>\n\t\t\t\t\t\t<\/div>\n\t\t\t\t<\/div>\n\t\t\t\t<div class=\"elementor-element elementor-element-7e1bf1e jltma-glass-effect-no elementor-widget elementor-widget-text-editor\" data-id=\"7e1bf1e\" data-element_type=\"widget\" data-widget_type=\"text-editor.default\">\n\t\t\t\t<div class=\"elementor-widget-container\">\n\t\t\t\t\t\t\t\t\t<p><span style=\"color: #000000;\">Desarrollar un conjunto de herramientas que permitan evaluar la Experiencia del Turista (Tourist Experience, TX) en tiempos de post-pandemia de forma hol\u00edstica, abarcando la evaluaci\u00f3n con turistas como clientes y la evaluaci\u00f3n con expertos, para ayudar a la gesti\u00f3n de la TX.<\/span><\/p>\t\t\t\t\t\t\t\t<\/div>\n\t\t\t\t<\/div>\n\t\t\t\t\t<\/div>\n\t\t\t\t<\/div>\n\t\t<div class=\"elementor-element elementor-element-f97cc03 e-flex e-con-boxed wpr-particle-no wpr-jarallax-no wpr-parallax-no wpr-sticky-section-no e-con e-parent\" data-id=\"f97cc03\" data-element_type=\"container\">\n\t\t\t\t\t<div class=\"e-con-inner\">\n\t\t<div class=\"elementor-element elementor-element-73c5f13 e-grid e-con-full wpr-particle-no wpr-jarallax-no wpr-parallax-no wpr-sticky-section-no e-con e-child\" data-id=\"73c5f13\" data-element_type=\"container\">\n\t\t\t\t<div class=\"elementor-element elementor-element-03f0848 jltma-glass-effect-no elementor-widget elementor-widget-elementskit-heading\" data-id=\"03f0848\" data-element_type=\"widget\" data-widget_type=\"elementskit-heading.default\">\n\t\t\t\t<div class=\"elementor-widget-container\">\n\t\t\t\t\t<div class=\"ekit-wid-con\" ><div class=\"ekit-heading elementskit-section-title-wraper text_left   ekit_heading_tablet-   ekit_heading_mobile-\"><h2 class=\"ekit-heading--title elementskit-section-title \">Objetivo Especifico 1<\/h2>\t\t\t\t<div class='ekit-heading__description'>\n\t\t\t\t\t<p>Establecer las dimensiones de la Experiencia del Turista en tiempos de post-pandemia.<\/p>\n\t\t\t\t<\/div>\n\t\t\t<\/div><\/div>\t\t\t\t<\/div>\n\t\t\t\t<\/div>\n\t\t\t\t<div class=\"elementor-element elementor-element-4bc126c jltma-glass-effect-no elementor-widget elementor-widget-elementskit-heading\" data-id=\"4bc126c\" data-element_type=\"widget\" data-widget_type=\"elementskit-heading.default\">\n\t\t\t\t<div class=\"elementor-widget-container\">\n\t\t\t\t\t<div class=\"ekit-wid-con\" ><div class=\"ekit-heading elementskit-section-title-wraper text_left   ekit_heading_tablet-   ekit_heading_mobile-\"><h2 class=\"ekit-heading--title elementskit-section-title \">Objetivo Especifico 2<\/h2>\t\t\t\t<div class='ekit-heading__description'>\n\t\t\t\t\t<p>Definir formalmente un conjunto de herramientas para evaluar la Experiencia del Turista en post-pandemia: una escala Likert, un conjunto de heur\u00edsticas y un checklist.<\/p>\n\t\t\t\t<\/div>\n\t\t\t<\/div><\/div>\t\t\t\t<\/div>\n\t\t\t\t<\/div>\n\t\t\t\t<div class=\"elementor-element elementor-element-11d2dbc jltma-glass-effect-no elementor-widget elementor-widget-elementskit-heading\" data-id=\"11d2dbc\" data-element_type=\"widget\" data-widget_type=\"elementskit-heading.default\">\n\t\t\t\t<div class=\"elementor-widget-container\">\n\t\t\t\t\t<div class=\"ekit-wid-con\" ><div class=\"ekit-heading elementskit-section-title-wraper text_left   ekit_heading_tablet-   ekit_heading_mobile-\"><h2 class=\"ekit-heading--title elementskit-section-title \">Objetivo Especifico 3<\/h2>\t\t\t\t<div class='ekit-heading__description'>\n\t\t\t\t\t<p>Validar el conjunto de herramientas que eval\u00faan la Experiencia del Turista en la post-pandemia.<\/p>\n\t\t\t\t<\/div>\n\t\t\t<\/div><\/div>\t\t\t\t<\/div>\n\t\t\t\t<\/div>\n\t\t\t\t<\/div>\n\t\t\t\t\t<\/div>\n\t\t\t\t<\/div>\n\t\t<div class=\"elementor-element elementor-element-f7927b0 e-flex e-con-boxed wpr-particle-no wpr-jarallax-no wpr-parallax-no wpr-sticky-section-no e-con e-parent\" data-id=\"f7927b0\" data-element_type=\"container\">\n\t\t\t\t\t<div class=\"e-con-inner\">\n\t\t\t\t<div class=\"elementor-element elementor-element-6ba7ee4 jltma-glass-effect-no elementor-widget elementor-widget-elementskit-heading\" data-id=\"6ba7ee4\" data-element_type=\"widget\" data-widget_type=\"elementskit-heading.default\">\n\t\t\t\t<div class=\"elementor-widget-container\">\n\t\t\t\t\t<div class=\"ekit-wid-con\" ><div class=\"ekit-heading elementskit-section-title-wraper center   ekit_heading_tablet-   ekit_heading_mobile-\"><h2 class=\"ekit-heading--title elementskit-section-title \">Noticias<\/h2><div class=\"ekit_heading_separetor_wraper ekit_heading_elementskit-border-divider\"><div class=\"elementskit-border-divider\"><\/div><\/div>\t\t\t\t<div class='ekit-heading__description'>\n\t\t\t\t\t<p>\u00a1Ent\u00e9rate de nuestros \u00faltimos eventos y actividades!<\/p>\n\t\t\t\t<\/div>\n\t\t\t<\/div><\/div>\t\t\t\t<\/div>\n\t\t\t\t<\/div>\n\t\t\t\t<div class=\"elementor-element elementor-element-16fa035 jltma-glass-effect-no elementor-widget elementor-widget-elementskit-blog-posts\" data-id=\"16fa035\" data-element_type=\"widget\" data-widget_type=\"elementskit-blog-posts.default\">\n\t\t\t\t<div class=\"elementor-widget-container\">\n\t\t\t\t\t<div class=\"ekit-wid-con\" >        <div id=\"post-items--16fa035\" class=\"row post-items\">\n                    <div class=\"col-lg-4 col-md-6\">\n\n                                    <div class=\"elementskit-post-image-card\">\n                        <div class=\"elementskit-entry-header\">\n                            \n                            \n\t\t\t\t\t\t\t\t\t\t\t\t\t<\/div><!-- .elementskit-entry-header END -->\n\n\t\t\t\t\t\t<div class=\"elementskit-post-body \">\n\t\t\t\t\t\t\t\t\t\t\t\t\t\t\t\t\t\t\t\t<h2 class=\"entry-title\">\n\t\t\t\t\t<a href=\"http:\/\/usecv.inf.ucv.cl\/txvalparaiso\/2025\/04\/21\/hola-mundo\/\">\n\t\t\t\t\t\t\u00a1Inauguraci\u00f3n del sitio web del proyecto!\t\t\t\t\t<\/a>\n\t\t\t\t<\/h2>\n\t\t\t\t\t\t\t\t\t\t\t\n\t\t\t\t\t\t\t\t\t\t\t\t\t\t\t\t\t\t\t\t\t\t\t\t\t\t\t\t<div class=\"post-meta-list\">\n\t\t\t\t\t\t\t\t\t\t\t\t\t\t\t\t\t\t\t\t\t\t\t\t<span class=\"meta-author\">\n\t\t\t\t\t\t\t\t\t\t\t\t\t\t\t\t\t\t\t\t\t<i aria-hidden=\"true\" class=\"icon icon-user\"><\/i>\t\t\t\t\t\t\t\t\t\t\t\t\t\t\t\t\t\t\t\t<a href=\"http:\/\/usecv.inf.ucv.cl\/txvalparaiso\/author\/txvalparaiso\/\" class=\"author-name\">txvalparaiso<\/a>\n\t\t\t\t\t\t\t\t\t<\/span>\n\t\t\t\t\t\t\t\t\t\t\t\t\t\t\t\t\t\t\t\t\t\t\t\t\t\t\t\t\t\t\t\t\t\t\t\t\t\t\t\t\t\t\t\t\t\t\t\t\t\t\t\t\t\t\t\t\t\t\t\t\t\t\t\t\t\t\t\t\t\t\t\t<span class=\"post-cat\">\n\t\t\t\t\t\t\t\t\t\t<i aria-hidden=\"true\" class=\"icon icon-folder\"><\/i>\t\t\t\t\t\t\t\t\t\t<a href=\"http:\/\/usecv.inf.ucv.cl\/txvalparaiso\/category\/otros\/\" rel=\"category tag\">Otros<\/a>\t\t\t\t\t\t\t\t\t<\/span>\n\t\t\t\t\t\t\t\t\t\t\t\t\t\t\t\t\t\t\t\t\t\t\t\t\t\t\t\t\t<\/div>\n\t\t\t\t\t\t\t\t\t\t\t\t\t\n\t\t\t\t\t\t\t\t\n\t\t\t\t\t\t\t\t\t\t\t\t\t\t\t\t\t\t\t\t\t\t\t\t\t\t\t\t\t\t\t\t\t\t\t\t\t\t\t<p>Bienvenidos al sitio web de este Fondecyt Regular. Est\u00e9n atentos&hellip;<\/p>\n\t\t\t\t\t\t\t\t\t\t\t\t\t\t\t\t\t\t\t\t\t\t                                                            <div class=\"btn-wraper\">\n                                    \n                                                                            <a class=\"elementskit-btn whitespace--normal\" id=\"\" href=\"http:\/\/usecv.inf.ucv.cl\/txvalparaiso\/2025\/04\/21\/hola-mundo\/\">\n                                        \t                                            Leer m\u00e1s                                        <\/a>\n                                                                    <\/div>\n                                                    <\/div><!-- .elementskit-post-body END -->\n                    <\/div>\n                \n            <\/div>\n                <\/div>\n       <\/div>\t\t\t\t<\/div>\n\t\t\t\t<\/div>\n\t\t\t\t\t<\/div>\n\t\t\t\t<\/div>\n\t\t<div class=\"elementor-element elementor-element-61a558f e-flex e-con-boxed wpr-particle-no wpr-jarallax-no wpr-parallax-no wpr-sticky-section-no e-con e-parent\" data-id=\"61a558f\" data-element_type=\"container\">\n\t\t\t\t\t<div class=\"e-con-inner\">\n\t\t\t\t<div class=\"elementor-element elementor-element-8a8bdc7 wpr-advanced-text-style-animated wpr-fancy-text-typing wpr-animated-text-infinite-yes jltma-glass-effect-no elementor-widget elementor-widget-wpr-advanced-text\" data-id=\"8a8bdc7\" data-element_type=\"widget\" data-settings=\"{&quot;anim_loop&quot;:&quot;yes&quot;}\" data-widget_type=\"wpr-advanced-text.default\">\n\t\t\t\t<div class=\"elementor-widget-container\">\n\t\t\t\t\t\n\t\t<h3 class=\"wpr-advanced-text\">\n\n\t\t\t\t\t\n\t\t\t\t\t\t\t<span class=\"wpr-advanced-text-preffix\">Contactanos<\/span>\n\t\t\t\n\t\t<span class=\"wpr-anim-text wpr-anim-text-type-typing wpr-anim-text-letters\" data-anim-duration=\"200,2000\" data-anim-loop=\"yes\">\n\t\t\t<span class=\"wpr-anim-text-inner\">\n\t\t\t\t\t\t\t<\/span>\n\t\t\t<span class=\"wpr-anim-text-cursor\">|<\/span>\t\t<\/span>\n\n\t\t\t\t\n\t\t<\/h3>\n\t\t\n\t\t\t\t\t\t<\/div>\n\t\t\t\t<\/div>\n\t\t<div class=\"elementor-element elementor-element-8e2024c e-con-full e-flex wpr-particle-no wpr-jarallax-no wpr-parallax-no wpr-sticky-section-no e-con e-child\" data-id=\"8e2024c\" data-element_type=\"container\">\n\t\t\t\t<div class=\"elementor-element elementor-element-bedda77 wpr-step-type-number_text wpr-step-content-layout-vertical wpr-custom-styles-yes jltma-glass-effect-no elementor-widget elementor-widget-wpr-form-builder\" data-id=\"bedda77\" data-element_type=\"widget\" data-settings=\"{&quot;success_message&quot;:&quot;Submission successful&quot;,&quot;error_message&quot;:&quot;Submission failed&quot;,&quot;button_width&quot;:{&quot;unit&quot;:&quot;%&quot;,&quot;size&quot;:100,&quot;sizes&quot;:[]},&quot;button_width_laptop&quot;:{&quot;unit&quot;:&quot;px&quot;,&quot;size&quot;:&quot;&quot;,&quot;sizes&quot;:[]},&quot;button_width_tablet&quot;:{&quot;unit&quot;:&quot;px&quot;,&quot;size&quot;:&quot;&quot;,&quot;sizes&quot;:[]},&quot;button_width_mobile&quot;:{&quot;unit&quot;:&quot;px&quot;,&quot;size&quot;:&quot;&quot;,&quot;sizes&quot;:[]},&quot;step_type&quot;:&quot;number_text&quot;,&quot;step_content_layout&quot;:&quot;vertical&quot;}\" data-widget_type=\"wpr-form-builder.default\">\n\t\t\t\t<div class=\"elementor-widget-container\">\n\t\t\t\t\t\t\t<form class=\"wpr-form\" method=\"post\" name=\"Contacto\" page=\"\u00a1Inauguraci\u00f3n del sitio web del proyecto!\" page_id=\"1\" novalidate>\n\t\t\t<input type=\"hidden\" name=\"post_id\" value=\"1\"\/>\n\t\t\t<input type=\"hidden\" name=\"form_id\" value=\"bedda77\"\/>\n\t\t\t<input type=\"hidden\" name=\"referer_title\" value=\"\" \/>\n\n\t\t\t<div class=\"wpr-step-wrap\"><\/div>\n\t\t\t<div class=\"wpr-form-fields-wrap wpr-labels-above\">\n\t\t\t\t\t\t\t\t\t<div class=\"wpr-form-field-type-text wpr-field-group wpr-column wpr-field-group-name elementor-repeater-item-dd979d2 wpr-form-field-required\">\n\t\t\t\t\t\t\t\t\t\t\t\t\t\t<label for=\"form-field-name\" class=\"wpr-form-field-label\">\n\t\t\t\t\t\t\t\t\tName (required)\t\t\t\t\t\t\t\t<\/label>\n\t\t\t\t\t\t\t<input size=\"1 \"type=\"text\" name=\"form_fields[name]\" id=\"form-field-name\" class=\"wpr-form-field  wpr-form-field-textual\" placeholder=\"Name\" required=\"required\" aria-required=\"true\">\t\t\t\t\t<\/div>\n\t\t\t\t\t\t\t\t\t<div class=\"wpr-form-field-type-email wpr-field-group wpr-column wpr-field-group-email elementor-repeater-item-7a9bcfd wpr-form-field-required\">\n\t\t\t\t\t\t\t\t\t\t\t\t\t\t<label for=\"form-field-email\" class=\"wpr-form-field-label\">\n\t\t\t\t\t\t\t\t\tEmail (required)\t\t\t\t\t\t\t\t<\/label>\n\t\t\t\t\t\t\t<input size=\"1 \"type=\"email\" name=\"form_fields[email]\" id=\"form-field-email\" class=\"wpr-form-field  wpr-form-field-textual\" placeholder=\"Email\" required=\"required\" aria-required=\"true\">\t\t\t\t\t<\/div>\n\t\t\t\t\t\t\t\t\t<div class=\"wpr-form-field-type-textarea wpr-field-group wpr-column wpr-field-group-message elementor-repeater-item-ba9fa03\">\n\t\t\t\t\t\t\t\t\t\t\t\t\t\t<label for=\"form-field-message\" class=\"wpr-form-field-label\">\n\t\t\t\t\t\t\t\t\tMessage\t\t\t\t\t\t\t\t<\/label>\n\t\t\t\t\t\t\t<textarea class=\"wpr-form-field-textual wpr-form-field \" name=\"form_fields[message]\" id=\"form-field-message\" rows=\"7\" placeholder=\"Message\"><\/textarea>\t\t\t\t\t<\/div>\n\t\t\t\t<div class=\"wpr-field-group wpr-stp-btns-wrap wpr-column wpr-form-field-type-submit\" data-actions=\"[&quot;email&quot;]\" data-redirect-url=\"\" data-mailchimp-fields=\"{&quot;email_field&quot;:&quot;&quot;,&quot;first_name_field&quot;:&quot;&quot;,&quot;last_name_field&quot;:&quot;&quot;,&quot;address_field&quot;:&quot;&quot;,&quot;phone_field&quot;:&quot;&quot;,&quot;birthday_field&quot;:&quot;&quot;,&quot;group_id&quot;:&quot;&quot;}\" data-list-id=\"\">\t\t\t<button type=\"submit\" class=\"wpr-button\">\n\t\t\t\t<span >\n\t\t\t\t\t\t\t\t\t\t\t\t\t\t\t\t<span>Enviar<\/span>\n\t\t\t\t\t\t\t\t\t\t\t\t\t\t<\/span>\t\n\t\t\t\t<div class=\"wpr-double-bounce wpr-loader-hidden\">\n\t\t\t\t\t<div class=\"wpr-child wpr-double-bounce1\"><\/div>\n\t\t\t\t\t<div class=\"wpr-child wpr-double-bounce2\"><\/div>\n\t\t\t\t<\/div>\n\t\t\t<\/button>\n\t\t<\/div>\t\t\t\t\n\t\t\t<\/div>\n\t\t<\/form>\n\t  \t\t\t\t<\/div>\n\t\t\t\t<\/div>\n\t\t\t\t<\/div>\n\t\t\t\t\t<\/div>\n\t\t\t\t<\/div>\n\t\t<div class=\"elementor-element elementor-element-8734c1a e-flex e-con-boxed wpr-particle-no wpr-jarallax-no wpr-parallax-no wpr-sticky-section-no e-con e-child\" data-id=\"8734c1a\" data-element_type=\"container\">\n\t\t\t\t\t<div class=\"e-con-inner\">\n\t\t\t\t<div class=\"elementor-element elementor-element-da3898d wpr-fancy-text-clip wpr-advanced-text-style-animated wpr-animated-text-infinite-yes jltma-glass-effect-no elementor-widget elementor-widget-wpr-advanced-text\" data-id=\"da3898d\" data-element_type=\"widget\" data-settings=\"{&quot;anim_loop&quot;:&quot;yes&quot;}\" data-widget_type=\"wpr-advanced-text.default\">\n\t\t\t\t<div class=\"elementor-widget-container\">\n\t\t\t\t\t\n\t\t<h3 class=\"wpr-advanced-text\">\n\n\t\t\t\t\t\n\t\t\t\t\t\t\t<span class=\"wpr-advanced-text-preffix\">Suscr\u00edbete para recibir<\/span>\n\t\t\t\n\t\t<span class=\"wpr-anim-text wpr-anim-text-type-clip\" data-anim-duration=\"1000,2000\" data-anim-loop=\"yes\">\n\t\t\t<span class=\"wpr-anim-text-inner\">\n\t\t\t\t\t\t\t\t\t<b>actualizaciones<\/b>\n\t\t\t\t\t\t\t<\/span>\n\t\t\t<span class=\"wpr-anim-text-cursor\">|<\/span>\t\t<\/span>\n\n\t\t\t\t\n\t\t<\/h3>\n\t\t\n\t\t\t\t\t\t<\/div>\n\t\t\t\t<\/div>\n\t\t<div class=\"elementor-element elementor-element-4992222 e-con-full e-flex wpr-particle-no wpr-jarallax-no wpr-parallax-no wpr-sticky-section-no e-con e-child\" data-id=\"4992222\" data-element_type=\"container\">\n\t\t\t\t<div class=\"elementor-element elementor-element-d50fd88 wpr-mailchimp-layout-hr jltma-glass-effect-no elementor-widget elementor-widget-wpr-mailchimp\" data-id=\"d50fd88\" data-element_type=\"widget\" data-widget_type=\"wpr-mailchimp.default\">\n\t\t\t\t<div class=\"elementor-widget-container\">\n\t\t\t\t\t\n\t\t<form class=\"wpr-mailchimp-form\" id=\"wpr-mailchimp-form-d50fd88\" method=\"POST\" data-list-id=\"def\" data-clear-fields=\"\">\n\t\t\t<!-- Form Header -->\n\t\t\t\n\t\t\t<div class=\"wpr-mailchimp-fields\">\n\t\t\t\t<!-- Email Input -->\n\t\t\t\t<div class=\"wpr-mailchimp-email\">\n\t\t\t\t\t<label>Ingrese su correo electr\u00f3nico<\/label>\t\t\t\t\t<input type=\"email\" name=\"wpr_mailchimp_email\" placeholder=\"pedro@gmail.com\" required=\"required\">\n\t\t\t\t<\/div>\n\n\t\t\t\t<!-- Extra Fields -->\n\t\t\t\t\n\t\t\t\t<!-- Subscribe Button -->\n\t\t\t\t<div class=\"wpr-mailchimp-subscribe\">\n\t\t\t\t\t<button type=\"submit\" id=\"wpr-subscribe-d50fd88\" class=\"wpr-mailchimp-subscribe-btn\" data-loading=\"Subscribing...\">\n\t\t\t\t  \t\tSubscribir\t\t\t\t\t<\/button>\n\t\t\t\t<\/div>\n\t\t\t<\/div>\n\n\t\t\t<!-- Success\/Error Message -->\n\t\t\t<div class=\"wpr-mailchimp-message\">\n\t\t\t\t<span class=\"wpr-mailchimp-success-message\">You have been successfully Subscribed!<\/span>\n\t\t\t\t<span class=\"wpr-mailchimp-error-message\">Ops! Something went wrong, please try again.<\/span>\n\t\t\t<\/div>\n\t\t<\/form>\n\n\t\t\t\t\t\t<\/div>\n\t\t\t\t<\/div>\n\t\t\t\t<\/div>\n\t\t\t\t\t<\/div>\n\t\t\t\t<\/div>\n\t\t<div class=\"elementor-element elementor-element-a7f9719 e-flex e-con-boxed wpr-particle-no wpr-jarallax-no wpr-parallax-no wpr-sticky-section-no e-con e-parent\" data-id=\"a7f9719\" data-element_type=\"container\">\n\t\t\t\t\t<div class=\"e-con-inner\">\n\t\t\t\t<div class=\"elementor-element elementor-element-62326b6 jltma-glass-effect-no elementor-widget elementor-widget-spacer\" data-id=\"62326b6\" data-element_type=\"widget\" data-widget_type=\"spacer.default\">\n\t\t\t\t<div class=\"elementor-widget-container\">\n\t\t\t\t\t\t\t<div class=\"elementor-spacer\">\n\t\t\t<div class=\"elementor-spacer-inner\"><\/div>\n\t\t<\/div>\n\t\t\t\t\t\t<\/div>\n\t\t\t\t<\/div>\n\t\t<div class=\"elementor-element elementor-element-e3e2095 e-grid e-con-full wpr-particle-no wpr-jarallax-no wpr-parallax-no wpr-sticky-section-no e-con e-child\" data-id=\"e3e2095\" data-element_type=\"container\">\n\t\t\t\t<div class=\"elementor-element elementor-element-aeebe12 jltma-glass-effect-no elementor-widget elementor-widget-image\" data-id=\"aeebe12\" data-element_type=\"widget\" data-widget_type=\"image.default\">\n\t\t\t\t<div class=\"elementor-widget-container\">\n\t\t\t\t\t\t\t\t\t\t\t\t\t\t\t<img decoding=\"async\" width=\"924\" height=\"838\" src=\"http:\/\/usecv.inf.ucv.cl\/txvalparaiso\/wp-content\/uploads\/sites\/4\/2025\/04\/logo-anid.png\" class=\"attachment-large size-large wp-image-1013\" alt=\"\" \/>\t\t\t\t\t\t\t\t\t\t\t\t\t\t\t<\/div>\n\t\t\t\t<\/div>\n\t\t\t\t<div class=\"elementor-element elementor-element-565b7ae jltma-glass-effect-no elementor-widget elementor-widget-image\" data-id=\"565b7ae\" data-element_type=\"widget\" data-widget_type=\"image.default\">\n\t\t\t\t<div class=\"elementor-widget-container\">\n\t\t\t\t\t\t\t\t\t\t\t\t\t\t\t<img decoding=\"async\" width=\"960\" height=\"954\" src=\"http:\/\/usecv.inf.ucv.cl\/txvalparaiso\/wp-content\/uploads\/sites\/4\/2025\/04\/logo-pucv-2-1024x1018.png\" class=\"attachment-large size-large wp-image-1017\" alt=\"\" \/>\t\t\t\t\t\t\t\t\t\t\t\t\t\t\t<\/div>\n\t\t\t\t<\/div>\n\t\t\t\t<div class=\"elementor-element elementor-element-ee70ceb jltma-glass-effect-no elementor-widget elementor-widget-image\" data-id=\"ee70ceb\" data-element_type=\"widget\" data-widget_type=\"image.default\">\n\t\t\t\t<div class=\"elementor-widget-container\">\n\t\t\t\t\t\t\t\t\t\t\t\t\t\t\t<img loading=\"lazy\" decoding=\"async\" width=\"960\" height=\"266\" src=\"http:\/\/usecv.inf.ucv.cl\/txvalparaiso\/wp-content\/uploads\/sites\/4\/2025\/04\/logo-upla-1024x284.png\" class=\"attachment-large size-large wp-image-1016\" alt=\"\" \/>\t\t\t\t\t\t\t\t\t\t\t\t\t\t\t<\/div>\n\t\t\t\t<\/div>\n\t\t\t\t<\/div>\n\t\t\t\t\t<\/div>\n\t\t\t\t<\/div>\n\t\t\t\t<\/div>\n\t\t","protected":false},"excerpt":{"rendered":"<p>Entendiendo la Experiencia del Turista Post Pandemia Un proyecto de investigaci\u00f3n interdisciplinario financiado por la Agencia Nacional de Investigaci\u00f3n y Desarrollo (ANID), en que colaboran investigadores de la Pontificia Universidad Cat\u00f3lica de Valpara\u00edso (PUCV) y la Universidad de Playa Ancha (UPLA). Saber m\u00e1s Objetivo General Desarrollar un conjunto de herramientas que permitan evaluar la Experiencia del Turista (Tourist Experience, TX) en tiempos de post-pandemia de forma hol\u00edstica, abarcando la evaluaci\u00f3n con turistas como clientes y la evaluaci\u00f3n con expertos, para ayudar a la gesti\u00f3n de la TX. Objetivo Especifico 1 Establecer las dimensiones de la Experiencia del Turista en tiempos de post-pandemia. Objetivo Especifico 2 Definir formalmente un conjunto de herramientas para evaluar la Experiencia del Turista en post-pandemia: una escala Likert, un conjunto de heur\u00edsticas y un checklist. Objetivo Especifico 3 Validar el conjunto de herramientas que eval\u00faan la Experiencia del Turista en la post-pandemia. Noticias \u00a1Ent\u00e9rate de nuestros \u00faltimos eventos y actividades! \u00a1Inauguraci\u00f3n del sitio web del proyecto! txvalparaiso Otros Bienvenidos al sitio web de este Fondecyt Regular. Est\u00e9n atentos&hellip; Leer m\u00e1s Contactanos | Name (required) Email (required) Message Enviar Suscr\u00edbete para recibir actualizaciones | Ingrese su correo electr\u00f3nico Subscribir You have been successfully Subscribed! Ops! Something went wrong, please try again.<\/p>\n","protected":false},"author":2,"featured_media":0,"parent":0,"menu_order":0,"comment_status":"closed","ping_status":"closed","template":"elementor_canvas","meta":{"footnotes":""},"class_list":["post-967","page","type-page","status-publish","hentry"],"rttpg_featured_image_url":null,"rttpg_author":{"display_name":"UseCV","author_link":"http:\/\/usecv.inf.ucv.cl\/txvalparaiso\/author\/usecv\/"},"rttpg_comment":0,"rttpg_category":"","rttpg_excerpt":"Entendiendo la Experiencia del Turista Post Pandemia Un proyecto de investigaci\u00f3n interdisciplinario financiado por la Agencia Nacional de Investigaci\u00f3n y Desarrollo (ANID), en que colaboran investigadores de la Pontificia Universidad Cat\u00f3lica de Valpara\u00edso (PUCV) y la Universidad de Playa Ancha (UPLA). Saber m\u00e1s Objetivo General Desarrollar un conjunto de herramientas que permitan evaluar la Experiencia&hellip;","_links":{"self":[{"href":"http:\/\/usecv.inf.ucv.cl\/txvalparaiso\/wp-json\/wp\/v2\/pages\/967","targetHints":{"allow":["GET"]}}],"collection":[{"href":"http:\/\/usecv.inf.ucv.cl\/txvalparaiso\/wp-json\/wp\/v2\/pages"}],"about":[{"href":"http:\/\/usecv.inf.ucv.cl\/txvalparaiso\/wp-json\/wp\/v2\/types\/page"}],"author":[{"embeddable":true,"href":"http:\/\/usecv.inf.ucv.cl\/txvalparaiso\/wp-json\/wp\/v2\/users\/2"}],"replies":[{"embeddable":true,"href":"http:\/\/usecv.inf.ucv.cl\/txvalparaiso\/wp-json\/wp\/v2\/comments?post=967"}],"version-history":[{"count":34,"href":"http:\/\/usecv.inf.ucv.cl\/txvalparaiso\/wp-json\/wp\/v2\/pages\/967\/revisions"}],"predecessor-version":[{"id":1128,"href":"http:\/\/usecv.inf.ucv.cl\/txvalparaiso\/wp-json\/wp\/v2\/pages\/967\/revisions\/1128"}],"wp:attachment":[{"href":"http:\/\/usecv.inf.ucv.cl\/txvalparaiso\/wp-json\/wp\/v2\/media?parent=967"}],"curies":[{"name":"wp","href":"https:\/\/api.w.org\/{rel}","templated":true}]}}