{"id":100,"date":"2023-04-16T11:51:21","date_gmt":"2023-04-16T09:51:21","guid":{"rendered":"https:\/\/demosites.royal-elementor-addons.com\/personal-blog-v3\/?page_id=100"},"modified":"2025-04-21T17:27:33","modified_gmt":"2025-04-21T15:27:33","slug":"sobre-nosotros","status":"publish","type":"page","link":"http:\/\/usecv.inf.ucv.cl\/txvalparaiso\/sobre-nosotros\/","title":{"rendered":"Sobre Nosotros"},"content":{"rendered":"\t\t<div data-elementor-type=\"wp-page\" data-elementor-id=\"100\" class=\"elementor elementor-100\">\n\t\t\t\t\t\t<section class=\"has_ma_el_bg_slider elementor-section elementor-top-section elementor-element elementor-element-56da18f1 elementor-section-stretched elementor-section-full_width elementor-section-height-default elementor-section-height-default jltma-glass-effect-no wpr-particle-no wpr-jarallax-no wpr-parallax-no wpr-sticky-section-no\" data-id=\"56da18f1\" data-element_type=\"section\" data-settings=\"{&quot;stretch_section&quot;:&quot;section-stretched&quot;}\">\n\t\t\t\t\t\t<div class=\"elementor-container elementor-column-gap-default\">\n\t\t\t\t\t<div class=\"has_ma_el_bg_slider elementor-column elementor-col-100 elementor-top-column elementor-element elementor-element-2e47838a jltma-glass-effect-no\" data-id=\"2e47838a\" data-element_type=\"column\">\n\t\t\t<div class=\"elementor-widget-wrap elementor-element-populated\">\n\t\t\t\t\t\t<section class=\"has_ma_el_bg_slider elementor-section elementor-inner-section elementor-element elementor-element-131edeee elementor-section-boxed elementor-section-height-default elementor-section-height-default jltma-glass-effect-no wpr-particle-no wpr-jarallax-no wpr-parallax-no wpr-sticky-section-no\" data-id=\"131edeee\" data-element_type=\"section\">\n\t\t\t\t\t\t<div class=\"elementor-container elementor-column-gap-default\">\n\t\t\t\t\t<div class=\"has_ma_el_bg_slider elementor-column elementor-col-100 elementor-inner-column elementor-element elementor-element-550f4848 jltma-glass-effect-no\" data-id=\"550f4848\" data-element_type=\"column\">\n\t\t\t<div class=\"elementor-widget-wrap elementor-element-populated\">\n\t\t\t\t\t\t<div class=\"elementor-element elementor-element-591b059c jltma-glass-effect-no elementor-widget elementor-widget-heading\" data-id=\"591b059c\" data-element_type=\"widget\" data-widget_type=\"heading.default\">\n\t\t\t\t<div class=\"elementor-widget-container\">\n\t\t\t\t\t<h2 class=\"elementor-heading-title elementor-size-default\">C\u00f3noce al equipo<\/h2>\t\t\t\t<\/div>\n\t\t\t\t<\/div>\n\t\t\t\t\t<\/div>\n\t\t<\/div>\n\t\t\t\t\t<\/div>\n\t\t<\/section>\n\t\t\t\t<section class=\"has_ma_el_bg_slider elementor-section elementor-inner-section elementor-element elementor-element-34a45f7c elementor-section-boxed elementor-section-height-default elementor-section-height-default jltma-glass-effect-no wpr-particle-no wpr-jarallax-no wpr-parallax-no wpr-sticky-section-no\" data-id=\"34a45f7c\" data-element_type=\"section\">\n\t\t\t\t\t\t<div class=\"elementor-container elementor-column-gap-default\">\n\t\t\t\t\t<div class=\"has_ma_el_bg_slider elementor-column elementor-col-50 elementor-inner-column elementor-element elementor-element-6eba411c jltma-glass-effect-no\" data-id=\"6eba411c\" data-element_type=\"column\">\n\t\t\t<div class=\"elementor-widget-wrap elementor-element-populated\">\n\t\t\t\t\t\t<div class=\"elementor-element elementor-element-59810f3 jltma-glass-effect-no elementor-widget elementor-widget-ma-team-members\" data-id=\"59810f3\" data-element_type=\"widget\" data-widget_type=\"ma-team-members.default\">\n\t\t\t\t<div class=\"elementor-widget-container\">\n\t\t\t\t\t\n\n\n\n\t\t\t<div id=\"jltma-team-member-59810f3\" class=\"jltma-team-item\n                text-center \">\n\t\t\t\t<div class=\"jltma-team-member-basic  \">\n\t\t\t\t\t<div class=\"jltma-team-member-thumb\">\n\t\t\t\t\t\t\n\t\t\t\t\t\t<img decoding=\"async\" src=\"http:\/\/usecv.inf.ucv.cl\/txvalparaiso\/wp-content\/uploads\/sites\/4\/2025\/04\/Foto-Cristian-Rusu2.jpg\"  class=\"circled\" alt=\"\" \/>\n\t\t\t\t\t<\/div>\n\t\t\t\t\t<div class=\"jltma-team-member-content\">\n\t\t\t\t\t\t<h2 class=\"jltma-team-member-name\">\n\t\t\t\t\t\t\tDr. Cristian Rusu (PUCV)\t\t\t\t\t\t<\/h2>\n\n\t\t\t\t\t\t<span class=\"jltma-team-member-designation\">\n\t\t\t\t\t\t\tInvestigador responsable\t\t\t\t\t\t<\/span>\n\n\t\t\t\t\t\t<p class=\"jltma-team-member-about\">\n\t\t\t\t\t\t\t\t\t\t\t\t\t<\/p>\n\n\t\t\t\t\t\t\t\t\t\t\t<\/div>\n\t\t\t\t<\/div>\n\t\t\t<\/div>\n\n\t\t\t\t\t\t<\/div>\n\t\t\t\t<\/div>\n\t\t\t\t\t<\/div>\n\t\t<\/div>\n\t\t\t\t<div class=\"has_ma_el_bg_slider elementor-column elementor-col-50 elementor-inner-column elementor-element elementor-element-2c50a8a jltma-glass-effect-no\" data-id=\"2c50a8a\" data-element_type=\"column\">\n\t\t\t<div class=\"elementor-widget-wrap elementor-element-populated\">\n\t\t\t\t\t\t<div class=\"elementor-element elementor-element-2e6eab55 jltma-glass-effect-no elementor-widget elementor-widget-ma-team-members\" data-id=\"2e6eab55\" data-element_type=\"widget\" data-widget_type=\"ma-team-members.default\">\n\t\t\t\t<div class=\"elementor-widget-container\">\n\t\t\t\t\t\n\n\n\n\t\t\t<div id=\"jltma-team-member-2e6eab55\" class=\"jltma-team-item\n                text-center \">\n\t\t\t\t<div class=\"jltma-team-member-basic  \">\n\t\t\t\t\t<div class=\"jltma-team-member-thumb\">\n\t\t\t\t\t\t\n\t\t\t\t\t\t<img decoding=\"async\" src=\"http:\/\/usecv.inf.ucv.cl\/txvalparaiso\/wp-content\/uploads\/sites\/4\/2025\/04\/vr2.jpg\"  class=\"circled\" alt=\"\" \/>\n\t\t\t\t\t<\/div>\n\t\t\t\t\t<div class=\"jltma-team-member-content\">\n\t\t\t\t\t\t<h2 class=\"jltma-team-member-name\">\n\t\t\t\t\t\t\tDra. Virginica Rusu (UPLA)\t\t\t\t\t\t<\/h2>\n\n\t\t\t\t\t\t<span class=\"jltma-team-member-designation\">\n\t\t\t\t\t\t\tCo-Investigadora\t\t\t\t\t\t<\/span>\n\n\t\t\t\t\t\t<p class=\"jltma-team-member-about\">\n\t\t\t\t\t\t\t\t\t\t\t\t\t<\/p>\n\n\t\t\t\t\t\t\t\t\t\t\t<\/div>\n\t\t\t\t<\/div>\n\t\t\t<\/div>\n\n\t\t\t\t\t\t<\/div>\n\t\t\t\t<\/div>\n\t\t\t\t\t<\/div>\n\t\t<\/div>\n\t\t\t\t\t<\/div>\n\t\t<\/section>\n\t\t\t\t\t<\/div>\n\t\t<\/div>\n\t\t\t\t\t<\/div>\n\t\t<\/section>\n\t\t<div class=\"elementor-element elementor-element-731abb30 e-flex e-con-boxed wpr-particle-no wpr-jarallax-no wpr-parallax-no wpr-sticky-section-no e-con e-parent\" data-id=\"731abb30\" data-element_type=\"container\">\n\t\t\t\t\t<div class=\"e-con-inner\">\n\t\t\t\t<div class=\"elementor-element elementor-element-21578130 section-title-style-style4 jltma-glass-effect-no elementor-widget elementor-widget-tpg-section-title\" data-id=\"21578130\" data-element_type=\"widget\" data-widget_type=\"tpg-section-title.default\">\n\t\t\t\t<div class=\"elementor-widget-container\">\n\t\t\t\t\t\t\t<div class=\"rt-container-fluid rt-tpg-container tpg-el-main-wrapper clearfix  section-title-style-style4\">\n\t\t\t<div class='tpg-header-wrapper'>\n        <div class=\"tpg-widget-heading-wrapper rt-clear heading-style4 \">\n            <span class=\"tpg-widget-heading-line line-left\"><\/span>\n\t\t\t<h2 class='tpg-widget-heading'>\n\t\t\t\n\t\t\t\t                    <span>\n\t\t\t\t\t\tEquipo t\u00e9cnico y administrativo\t\t\t\t\t<\/span>\n\t\t\t\t\t\n\t\t\t\t\t\t\t<\/h2>            <span class=\"tpg-widget-heading-line line-right\"><\/span>\n\n\t\t\t\n        <\/div>\n\n\t\t\n\t\t<\/div>\t\t<\/div>\n\t\t\t\t\t\t<\/div>\n\t\t\t\t<\/div>\n\t\t\t\t\t<\/div>\n\t\t\t\t<\/div>\n\t\t<div class=\"elementor-element elementor-element-2fa64b7 e-flex e-con-boxed wpr-particle-no wpr-jarallax-no wpr-parallax-no wpr-sticky-section-no e-con e-parent\" data-id=\"2fa64b7\" data-element_type=\"container\">\n\t\t\t\t\t<div class=\"e-con-inner\">\n\t\t\t\t<div class=\"elementor-element elementor-element-21a2959e wpr-feature-list-left wpr-feature-list-square wpr-feature-list-line-yes jltma-glass-effect-no elementor-widget elementor-widget-wpr-feature-list\" data-id=\"21a2959e\" data-element_type=\"widget\" data-widget_type=\"wpr-feature-list.default\">\n\t\t\t\t<div class=\"elementor-widget-container\">\n\t\t\t\t\t<div class=\"wpr-feature-list-wrap\"><ul class=\"wpr-feature-list\"><li class=\"wpr-feature-list-item elementor-repeater-item-fb67512\"><div class=\"wpr-feature-list-icon-wrap\"><span class=\"wpr-feature-list-line\"><\/span><div class=\"wpr-feature-list-icon-inner-wrap\"><img decoding=\"async\" src=\"http:\/\/usecv.inf.ucv.cl\/txvalparaiso\/wp-content\/uploads\/sites\/4\/2025\/04\/logo-pucv-2-1024x1018.png\"><\/div><\/div><div class=\"wpr-feature-list-content-wrap\"><h2 class=\"wpr-feature-list-title\"><a class=\"wpr-feature-list-url\" target=\"_blank\" rel=\"nofollow\">Dr. Nicol\u00e1s Matus (PUCV) - Asistente t\u00e9cnico<\/a><\/h2><p class=\"wpr-feature-list-description\"><\/p><\/div><\/li><li class=\"wpr-feature-list-item elementor-repeater-item-a45afaf\"><div class=\"wpr-feature-list-icon-wrap\"><span class=\"wpr-feature-list-line\"><\/span><div class=\"wpr-feature-list-icon-inner-wrap\"><img decoding=\"async\" src=\"http:\/\/usecv.inf.ucv.cl\/txvalparaiso\/wp-content\/uploads\/sites\/4\/2025\/04\/logo-pucv-2-1024x1018.png\"><\/div><\/div><div class=\"wpr-feature-list-content-wrap\"><h2 class=\"wpr-feature-list-title\"><a class=\"wpr-feature-list-url\" target=\"_blank\" rel=\"nofollow\">Dr(c). Mat\u00edas Garc\u00eda (PUCV) - Asistente t\u00e9cnico<\/a><\/h2><p class=\"wpr-feature-list-description\"><\/p><\/div><\/li><li class=\"wpr-feature-list-item elementor-repeater-item-9e1ae78\"><div class=\"wpr-feature-list-icon-wrap\"><span class=\"wpr-feature-list-line\"><\/span><div class=\"wpr-feature-list-icon-inner-wrap\"><img decoding=\"async\" src=\"http:\/\/usecv.inf.ucv.cl\/txvalparaiso\/wp-content\/uploads\/sites\/4\/2025\/04\/logo-pucv-2-1024x1018.png\"><\/div><\/div><div class=\"wpr-feature-list-content-wrap\"><h2 class=\"wpr-feature-list-title\"><a class=\"wpr-feature-list-url\" target=\"_blank\" rel=\"nofollow\">MSc. Mar\u00eda Espinal (PUCV) - Asistente administrativo<\/a><\/h2><p class=\"wpr-feature-list-description\"><\/p><\/div><\/li><\/ul><\/div>\t\t\t\t<\/div>\n\t\t\t\t<\/div>\n\t\t\t\t\t<\/div>\n\t\t\t\t<\/div>\n\t\t<div class=\"elementor-element elementor-element-60795a87 e-flex e-con-boxed wpr-particle-no wpr-jarallax-no wpr-parallax-no wpr-sticky-section-no e-con e-parent\" data-id=\"60795a87\" data-element_type=\"container\">\n\t\t\t\t\t<div class=\"e-con-inner\">\n\t\t\t\t<div class=\"elementor-element elementor-element-2b5751dc section-title-style-style4 jltma-glass-effect-no elementor-widget elementor-widget-tpg-section-title\" data-id=\"2b5751dc\" data-element_type=\"widget\" data-widget_type=\"tpg-section-title.default\">\n\t\t\t\t<div class=\"elementor-widget-container\">\n\t\t\t\t\t\t\t<div class=\"rt-container-fluid rt-tpg-container tpg-el-main-wrapper clearfix  section-title-style-style4\">\n\t\t\t<div class='tpg-header-wrapper'>\n        <div class=\"tpg-widget-heading-wrapper rt-clear heading-style4 \">\n            <span class=\"tpg-widget-heading-line line-left\"><\/span>\n\t\t\t<h2 class='tpg-widget-heading'>\n\t\t\t\n\t\t\t\t                    <span>\n\t\t\t\t\t\tTesistas\t\t\t\t\t<\/span>\n\t\t\t\t\t\n\t\t\t\t\t\t\t<\/h2>            <span class=\"tpg-widget-heading-line line-right\"><\/span>\n\n\t\t\t\n        <\/div>\n\n\t\t\n\t\t<\/div>\t\t<\/div>\n\t\t\t\t\t\t<\/div>\n\t\t\t\t<\/div>\n\t\t\t\t\t<\/div>\n\t\t\t\t<\/div>\n\t\t<div class=\"elementor-element elementor-element-437780d e-flex e-con-boxed wpr-particle-no wpr-jarallax-no wpr-parallax-no wpr-sticky-section-no e-con e-parent\" data-id=\"437780d\" data-element_type=\"container\">\n\t\t\t\t\t<div class=\"e-con-inner\">\n\t\t\t\t<div class=\"elementor-element elementor-element-209a9c5c wpr-feature-list-left wpr-feature-list-square wpr-feature-list-line-yes jltma-glass-effect-no elementor-widget elementor-widget-wpr-feature-list\" data-id=\"209a9c5c\" data-element_type=\"widget\" data-widget_type=\"wpr-feature-list.default\">\n\t\t\t\t<div class=\"elementor-widget-container\">\n\t\t\t\t\t<div class=\"wpr-feature-list-wrap\"><ul class=\"wpr-feature-list\"><li class=\"wpr-feature-list-item elementor-repeater-item-354c324\"><div class=\"wpr-feature-list-icon-wrap\"><span class=\"wpr-feature-list-line\"><\/span><div class=\"wpr-feature-list-icon-inner-wrap\"><img decoding=\"async\" src=\"http:\/\/usecv.inf.ucv.cl\/txvalparaiso\/wp-content\/uploads\/sites\/4\/2025\/04\/logo-pucv-2-1024x1018.png\"><\/div><\/div><div class=\"wpr-feature-list-content-wrap\"><h2 class=\"wpr-feature-list-title\"><a class=\"wpr-feature-list-url\" target=\"_blank\" rel=\"nofollow\">Dra(c). Oriella Ortiz - Doctorado en Ingenier\u00eda Inform\u00e1tica - PUCV<\/a><\/h2><p class=\"wpr-feature-list-description\"><\/p><\/div><\/li><li class=\"wpr-feature-list-item elementor-repeater-item-7d79125\"><div class=\"wpr-feature-list-icon-wrap\"><span class=\"wpr-feature-list-line\"><\/span><div class=\"wpr-feature-list-icon-inner-wrap\"><img decoding=\"async\" src=\"http:\/\/usecv.inf.ucv.cl\/txvalparaiso\/wp-content\/uploads\/sites\/4\/2025\/04\/logo-upla-1024x284.png\"><\/div><\/div><div class=\"wpr-feature-list-content-wrap\"><h2 class=\"wpr-feature-list-title\"><a class=\"wpr-feature-list-url\" target=\"_blank\" rel=\"nofollow\">Camila Mu\u00f1oz - Administraci\u00f3n tur\u00edstica multiling\u00fce - UPLA<\/a><\/h2><p class=\"wpr-feature-list-description\"><\/p><\/div><\/li><li class=\"wpr-feature-list-item elementor-repeater-item-608b765\"><div class=\"wpr-feature-list-icon-wrap\"><span class=\"wpr-feature-list-line\"><\/span><div class=\"wpr-feature-list-icon-inner-wrap\"><img decoding=\"async\" src=\"http:\/\/usecv.inf.ucv.cl\/txvalparaiso\/wp-content\/uploads\/sites\/4\/2025\/04\/logo-upla-1024x284.png\"><\/div><\/div><div class=\"wpr-feature-list-content-wrap\"><h2 class=\"wpr-feature-list-title\"><a class=\"wpr-feature-list-url\" target=\"_blank\" rel=\"nofollow\">Geraldyne Valenzuela - Administraci\u00f3n tur\u00edstica multiling\u00fce - UPLA  <\/a><\/h2><p class=\"wpr-feature-list-description\"><\/p><\/div><\/li><li class=\"wpr-feature-list-item elementor-repeater-item-e4da7ff\"><div class=\"wpr-feature-list-icon-wrap\"><span class=\"wpr-feature-list-line\"><\/span><div class=\"wpr-feature-list-icon-inner-wrap\"><img decoding=\"async\" src=\"http:\/\/usecv.inf.ucv.cl\/txvalparaiso\/wp-content\/uploads\/sites\/4\/2025\/04\/logo-upla-1024x284.png\"><\/div><\/div><div class=\"wpr-feature-list-content-wrap\"><h2 class=\"wpr-feature-list-title\"><a class=\"wpr-feature-list-url\" target=\"_blank\" rel=\"nofollow\">Issidora Molina - Administraci\u00f3n tur\u00edstica multiling\u00fce - UPLA  <\/a><\/h2><p class=\"wpr-feature-list-description\"><\/p><\/div><\/li><li class=\"wpr-feature-list-item elementor-repeater-item-25539f7\"><div class=\"wpr-feature-list-icon-wrap\"><span class=\"wpr-feature-list-line\"><\/span><div class=\"wpr-feature-list-icon-inner-wrap\"><img decoding=\"async\" src=\"http:\/\/usecv.inf.ucv.cl\/txvalparaiso\/wp-content\/uploads\/sites\/4\/2025\/04\/logo-upla-1024x284.png\"><\/div><\/div><div class=\"wpr-feature-list-content-wrap\"><h2 class=\"wpr-feature-list-title\"><a class=\"wpr-feature-list-url\" target=\"_blank\" rel=\"nofollow\">Daniela Martinez - Administraci\u00f3n tur\u00edstica multiling\u00fce - UPLA <\/a><\/h2><p class=\"wpr-feature-list-description\"><\/p><\/div><\/li><li class=\"wpr-feature-list-item elementor-repeater-item-b8e7fd0\"><div class=\"wpr-feature-list-icon-wrap\"><span class=\"wpr-feature-list-line\"><\/span><div class=\"wpr-feature-list-icon-inner-wrap\"><img decoding=\"async\" src=\"http:\/\/usecv.inf.ucv.cl\/txvalparaiso\/wp-content\/uploads\/sites\/4\/2025\/04\/logo-pucv-2-1024x1018.png\"><\/div><\/div><div class=\"wpr-feature-list-content-wrap\"><h2 class=\"wpr-feature-list-title\"><a class=\"wpr-feature-list-url\" target=\"_blank\" rel=\"nofollow\">Ricardo Aguilera - Ingenier\u00eda Civil Inform\u00e1tica - PUCV - Titulado Diciembre de 2024<\/a><\/h2><p class=\"wpr-feature-list-description\"><\/p><\/div><\/li><li class=\"wpr-feature-list-item elementor-repeater-item-5adb818\"><div class=\"wpr-feature-list-icon-wrap\"><span class=\"wpr-feature-list-line\"><\/span><div class=\"wpr-feature-list-icon-inner-wrap\"><img decoding=\"async\" src=\"http:\/\/usecv.inf.ucv.cl\/txvalparaiso\/wp-content\/uploads\/sites\/4\/2025\/04\/logo-pucv-2-1024x1018.png\"><\/div><\/div><div class=\"wpr-feature-list-content-wrap\"><h2 class=\"wpr-feature-list-title\"><a class=\"wpr-feature-list-url\" target=\"_blank\" rel=\"nofollow\">Sergio Felipe Tapia - Ingenier\u00eda Civil Inform\u00e1tica - PUCV - Titulado Diciembre de 2024<\/a><\/h2><p class=\"wpr-feature-list-description\"><\/p><\/div><\/li><\/ul><\/div>\t\t\t\t<\/div>\n\t\t\t\t<\/div>\n\t\t\t\t\t<\/div>\n\t\t\t\t<\/div>\n\t\t\t\t<\/div>\n\t\t","protected":false},"excerpt":{"rendered":"<p>C\u00f3noce al equipo Dr. Cristian Rusu (PUCV) Investigador responsable Dra. Virginica Rusu (UPLA) Co-Investigadora Equipo t\u00e9cnico y administrativo Dr. Nicol\u00e1s Matus (PUCV) &#8211; Asistente t\u00e9cnico Dr(c). Mat\u00edas Garc\u00eda (PUCV) &#8211; Asistente t\u00e9cnico MSc. Mar\u00eda Espinal (PUCV) &#8211; Asistente administrativo Tesistas Dra(c). Oriella Ortiz &#8211; Doctorado en Ingenier\u00eda Inform\u00e1tica &#8211; PUCV Camila Mu\u00f1oz &#8211; Administraci\u00f3n tur\u00edstica multiling\u00fce &#8211; UPLA Geraldyne Valenzuela &#8211; Administraci\u00f3n tur\u00edstica multiling\u00fce &#8211; UPLA Issidora Molina &#8211; Administraci\u00f3n tur\u00edstica multiling\u00fce &#8211; UPLA Daniela Martinez &#8211; Administraci\u00f3n tur\u00edstica multiling\u00fce &#8211; UPLA Ricardo Aguilera &#8211; Ingenier\u00eda Civil Inform\u00e1tica &#8211; PUCV &#8211; Titulado Diciembre de 2024 Sergio Felipe Tapia &#8211; Ingenier\u00eda Civil Inform\u00e1tica &#8211; PUCV &#8211; Titulado Diciembre de 2024<\/p>\n","protected":false},"author":2,"featured_media":0,"parent":0,"menu_order":0,"comment_status":"closed","ping_status":"closed","template":"elementor_canvas","meta":{"footnotes":""},"class_list":["post-100","page","type-page","status-publish","hentry"],"rttpg_featured_image_url":null,"rttpg_author":{"display_name":"UseCV","author_link":"http:\/\/usecv.inf.ucv.cl\/txvalparaiso\/author\/usecv\/"},"rttpg_comment":0,"rttpg_category":null,"rttpg_excerpt":"C\u00f3noce al equipo Dr. Cristian Rusu (PUCV) Investigador responsable Dra. Virginica Rusu (UPLA) Co-Investigadora Equipo t\u00e9cnico y administrativo Dr. Nicol\u00e1s Matus (PUCV) &#8211; Asistente t\u00e9cnico Dr(c). Mat\u00edas Garc\u00eda (PUCV) &#8211; Asistente t\u00e9cnico MSc. Mar\u00eda Espinal (PUCV) &#8211; Asistente administrativo Tesistas Dra(c). Oriella Ortiz &#8211; Doctorado en Ingenier\u00eda Inform\u00e1tica &#8211; PUCV Camila Mu\u00f1oz &#8211; Administraci\u00f3n tur\u00edstica&hellip;","_links":{"self":[{"href":"http:\/\/usecv.inf.ucv.cl\/txvalparaiso\/wp-json\/wp\/v2\/pages\/100","targetHints":{"allow":["GET"]}}],"collection":[{"href":"http:\/\/usecv.inf.ucv.cl\/txvalparaiso\/wp-json\/wp\/v2\/pages"}],"about":[{"href":"http:\/\/usecv.inf.ucv.cl\/txvalparaiso\/wp-json\/wp\/v2\/types\/page"}],"author":[{"embeddable":true,"href":"http:\/\/usecv.inf.ucv.cl\/txvalparaiso\/wp-json\/wp\/v2\/users\/2"}],"replies":[{"embeddable":true,"href":"http:\/\/usecv.inf.ucv.cl\/txvalparaiso\/wp-json\/wp\/v2\/comments?post=100"}],"version-history":[{"count":16,"href":"http:\/\/usecv.inf.ucv.cl\/txvalparaiso\/wp-json\/wp\/v2\/pages\/100\/revisions"}],"predecessor-version":[{"id":1120,"href":"http:\/\/usecv.inf.ucv.cl\/txvalparaiso\/wp-json\/wp\/v2\/pages\/100\/revisions\/1120"}],"wp:attachment":[{"href":"http:\/\/usecv.inf.ucv.cl\/txvalparaiso\/wp-json\/wp\/v2\/media?parent=100"}],"curies":[{"name":"wp","href":"https:\/\/api.w.org\/{rel}","templated":true}]}}