{"id":16,"date":"2018-09-25T23:14:11","date_gmt":"2018-09-25T23:14:11","guid":{"rendered":"http:\/\/usecv.inf.ucv.cl\/?page_id=16"},"modified":"2019-03-08T18:46:14","modified_gmt":"2019-03-08T18:46:14","slug":"research","status":"publish","type":"page","link":"http:\/\/usecv.inf.ucv.cl\/en\/research\/","title":{"rendered":"Research"},"content":{"rendered":"\t\t<div data-elementor-type=\"wp-post\" data-elementor-id=\"16\" class=\"elementor elementor-16 elementor-bc-flex-widget\">\n\t\t\t\t\t\t<section class=\"elementor-section elementor-top-section elementor-element elementor-element-e5c63bf elementor-section-boxed elementor-section-height-default elementor-section-height-default\" data-id=\"e5c63bf\" data-element_type=\"section\">\n\t\t\t\t\t\t<div class=\"elementor-container elementor-column-gap-default\">\n\t\t\t\t\t<div class=\"elementor-column elementor-col-33 elementor-top-column elementor-element elementor-element-1bf83b2\" data-id=\"1bf83b2\" data-element_type=\"column\">\n\t\t\t<div class=\"elementor-widget-wrap elementor-element-populated\">\n\t\t\t\t\t\t<section class=\"elementor-section elementor-inner-section elementor-element elementor-element-40d874a elementor-section-content-middle elementor-reverse-mobile elementor-section-boxed elementor-section-height-default elementor-section-height-default\" data-id=\"40d874a\" data-element_type=\"section\">\n\t\t\t\t\t\t<div class=\"elementor-container elementor-column-gap-no\">\n\t\t\t\t\t<div class=\"elementor-column elementor-col-100 elementor-inner-column elementor-element elementor-element-115e2e5\" data-id=\"115e2e5\" data-element_type=\"column\">\n\t\t\t<div class=\"elementor-widget-wrap elementor-element-populated\">\n\t\t\t\t\t\t<div class=\"elementor-element elementor-element-a9010ff elementor-widget elementor-widget-image\" data-id=\"a9010ff\" data-element_type=\"widget\" data-widget_type=\"image.default\">\n\t\t\t\t<div class=\"elementor-widget-container\">\n\t\t\t\t\t\t\t\t\t\t\t\t\t\t\t\t<a href=\"http:\/\/38.242.247.206\/en\/research\/projects\/\">\n\t\t\t\t\t\t\t<img decoding=\"async\" width=\"300\" height=\"191\" src=\"http:\/\/usecv.inf.ucv.cl\/en\/wp-content\/uploads\/sites\/3\/2018\/10\/pro.jpg\" class=\"attachment-large size-large wp-image-196\" alt=\"\" \/>\t\t\t\t\t\t\t\t<\/a>\n\t\t\t\t\t\t\t\t\t\t\t\t\t\t\t<\/div>\n\t\t\t\t<\/div>\n\t\t\t\t<div class=\"elementor-element elementor-element-5d85620 elementor-widget elementor-widget-heading\" data-id=\"5d85620\" data-element_type=\"widget\" data-widget_type=\"heading.default\">\n\t\t\t\t<div class=\"elementor-widget-container\">\n\t\t\t\t\t<h2 class=\"elementor-heading-title elementor-size-default\"><a href=\"http:\/\/38.242.247.206\/en\/research\/projects\/\">Projects<\/a><\/h2>\t\t\t\t<\/div>\n\t\t\t\t<\/div>\n\t\t\t\t<div class=\"elementor-element elementor-element-68e5840 elementor-widget elementor-widget-text-editor\" data-id=\"68e5840\" data-element_type=\"widget\" data-widget_type=\"text-editor.default\">\n\t\t\t\t<div class=\"elementor-widget-container\">\n\t\t\t\t\t\t\t\t\t<p><strong><span style=\"color: #4066a5;\">U<\/span><span style=\"color: #c50718;\">se<\/span><span style=\"color: #4066a5;\">CV<\/span><\/strong> carries out research projects related mainly to Usability (and related aspects), User Experience, Costumer Experience, and Usability Studies for industries and companies.<\/p>\t\t\t\t\t\t\t\t<\/div>\n\t\t\t\t<\/div>\n\t\t\t\t\t<\/div>\n\t\t<\/div>\n\t\t\t\t\t<\/div>\n\t\t<\/section>\n\t\t\t\t\t<\/div>\n\t\t<\/div>\n\t\t\t\t<div class=\"elementor-column elementor-col-33 elementor-top-column elementor-element elementor-element-c994d0b\" data-id=\"c994d0b\" data-element_type=\"column\">\n\t\t\t<div class=\"elementor-widget-wrap elementor-element-populated\">\n\t\t\t\t\t\t<section class=\"elementor-section elementor-inner-section elementor-element elementor-element-dcdd91c elementor-section-content-middle elementor-reverse-mobile elementor-section-boxed elementor-section-height-default elementor-section-height-default\" data-id=\"dcdd91c\" data-element_type=\"section\">\n\t\t\t\t\t\t<div class=\"elementor-container elementor-column-gap-no\">\n\t\t\t\t\t<div class=\"elementor-column elementor-col-100 elementor-inner-column elementor-element elementor-element-4158324\" data-id=\"4158324\" data-element_type=\"column\">\n\t\t\t<div class=\"elementor-widget-wrap elementor-element-populated\">\n\t\t\t\t\t\t<div class=\"elementor-element elementor-element-85c608c elementor-widget elementor-widget-image\" data-id=\"85c608c\" data-element_type=\"widget\" data-widget_type=\"image.default\">\n\t\t\t\t<div class=\"elementor-widget-container\">\n\t\t\t\t\t\t\t\t\t\t\t\t\t\t\t\t<a href=\"http:\/\/38.242.247.206\/en\/research\/publications\/\">\n\t\t\t\t\t\t\t<img loading=\"lazy\" decoding=\"async\" width=\"300\" height=\"191\" src=\"http:\/\/usecv.inf.ucv.cl\/en\/wp-content\/uploads\/sites\/3\/2018\/10\/pub.jpg\" class=\"attachment-large size-large wp-image-171\" alt=\"\" \/>\t\t\t\t\t\t\t\t<\/a>\n\t\t\t\t\t\t\t\t\t\t\t\t\t\t\t<\/div>\n\t\t\t\t<\/div>\n\t\t\t\t<div class=\"elementor-element elementor-element-e5ab36c elementor-widget elementor-widget-heading\" data-id=\"e5ab36c\" data-element_type=\"widget\" data-widget_type=\"heading.default\">\n\t\t\t\t<div class=\"elementor-widget-container\">\n\t\t\t\t\t<h2 class=\"elementor-heading-title elementor-size-default\"><a href=\"http:\/\/38.242.247.206\/en\/research\/publications\/\">Publications<\/a><\/h2>\t\t\t\t<\/div>\n\t\t\t\t<\/div>\n\t\t\t\t<div class=\"elementor-element elementor-element-0358f4d elementor-widget elementor-widget-text-editor\" data-id=\"0358f4d\" data-element_type=\"widget\" data-widget_type=\"text-editor.default\">\n\t\t\t\t<div class=\"elementor-widget-container\">\n\t\t\t\t\t\t\t\t\t<p>Year after year, the group publishes research documents redacted by its members.<\/p>\t\t\t\t\t\t\t\t<\/div>\n\t\t\t\t<\/div>\n\t\t\t\t\t<\/div>\n\t\t<\/div>\n\t\t\t\t\t<\/div>\n\t\t<\/section>\n\t\t\t\t\t<\/div>\n\t\t<\/div>\n\t\t\t\t<div class=\"elementor-column elementor-col-33 elementor-top-column elementor-element elementor-element-7ee1e5e\" data-id=\"7ee1e5e\" data-element_type=\"column\">\n\t\t\t<div class=\"elementor-widget-wrap elementor-element-populated\">\n\t\t\t\t\t\t<section class=\"elementor-section elementor-inner-section elementor-element elementor-element-3def646 elementor-section-content-middle elementor-reverse-mobile elementor-section-boxed elementor-section-height-default elementor-section-height-default\" data-id=\"3def646\" data-element_type=\"section\">\n\t\t\t\t\t\t<div class=\"elementor-container elementor-column-gap-no\">\n\t\t\t\t\t<div class=\"elementor-column elementor-col-100 elementor-inner-column elementor-element elementor-element-ef26657\" data-id=\"ef26657\" data-element_type=\"column\">\n\t\t\t<div class=\"elementor-widget-wrap elementor-element-populated\">\n\t\t\t\t\t\t<div class=\"elementor-element elementor-element-647f4c3 elementor-widget elementor-widget-image\" data-id=\"647f4c3\" data-element_type=\"widget\" data-widget_type=\"image.default\">\n\t\t\t\t<div class=\"elementor-widget-container\">\n\t\t\t\t\t\t\t\t\t\t\t\t\t\t\t\t<a href=\"http:\/\/38.242.247.206\/en\/research\/thesis\/\">\n\t\t\t\t\t\t\t<img loading=\"lazy\" decoding=\"async\" width=\"300\" height=\"191\" src=\"http:\/\/usecv.inf.ucv.cl\/en\/wp-content\/uploads\/sites\/3\/2018\/10\/tes.jpg\" class=\"attachment-large size-large wp-image-172\" alt=\"\" \/>\t\t\t\t\t\t\t\t<\/a>\n\t\t\t\t\t\t\t\t\t\t\t\t\t\t\t<\/div>\n\t\t\t\t<\/div>\n\t\t\t\t<div class=\"elementor-element elementor-element-be985e6 elementor-widget elementor-widget-heading\" data-id=\"be985e6\" data-element_type=\"widget\" data-widget_type=\"heading.default\">\n\t\t\t\t<div class=\"elementor-widget-container\">\n\t\t\t\t\t<h2 class=\"elementor-heading-title elementor-size-default\"><a href=\"http:\/\/38.242.247.206\/en\/research\/thesis\/\">Thesis<\/a><\/h2>\t\t\t\t<\/div>\n\t\t\t\t<\/div>\n\t\t\t\t<div class=\"elementor-element elementor-element-53d87ea elementor-widget elementor-widget-text-editor\" data-id=\"53d87ea\" data-element_type=\"widget\" data-widget_type=\"text-editor.default\">\n\t\t\t\t<div class=\"elementor-widget-container\">\n\t\t\t\t\t\t\t\t\t<p><strong><span style=\"color: #4066a5;\">U<\/span><span style=\"color: #c50718;\">se<\/span><span style=\"color: #4066a5;\">CV<\/span><\/strong> guides undergraduate and graduate students who wish to carry out their thesis or degree project in the areas that are researched by the group.<\/p>\t\t\t\t\t\t\t\t<\/div>\n\t\t\t\t<\/div>\n\t\t\t\t\t<\/div>\n\t\t<\/div>\n\t\t\t\t\t<\/div>\n\t\t<\/section>\n\t\t\t\t\t<\/div>\n\t\t<\/div>\n\t\t\t\t\t<\/div>\n\t\t<\/section>\n\t\t\t\t<section class=\"elementor-section elementor-top-section elementor-element elementor-element-f80e29d elementor-section-boxed elementor-section-height-default elementor-section-height-default\" data-id=\"f80e29d\" data-element_type=\"section\">\n\t\t\t\t\t\t<div class=\"elementor-container elementor-column-gap-default\">\n\t\t\t\t\t<div class=\"elementor-column elementor-col-100 elementor-top-column elementor-element elementor-element-1e24c6f\" data-id=\"1e24c6f\" data-element_type=\"column\">\n\t\t\t<div class=\"elementor-widget-wrap elementor-element-populated\">\n\t\t\t\t\t\t<div class=\"elementor-element elementor-element-5e955ad elementor-widget-divider--view-line elementor-widget elementor-widget-divider\" data-id=\"5e955ad\" data-element_type=\"widget\" data-widget_type=\"divider.default\">\n\t\t\t\t<div class=\"elementor-widget-container\">\n\t\t\t\t\t\t\t<div class=\"elementor-divider\">\n\t\t\t<span class=\"elementor-divider-separator\">\n\t\t\t\t\t\t<\/span>\n\t\t<\/div>\n\t\t\t\t\t\t<\/div>\n\t\t\t\t<\/div>\n\t\t\t\t\t<\/div>\n\t\t<\/div>\n\t\t\t\t\t<\/div>\n\t\t<\/section>\n\t\t\t\t<section class=\"elementor-section elementor-top-section elementor-element elementor-element-1dce01a elementor-section-boxed elementor-section-height-default elementor-section-height-default\" data-id=\"1dce01a\" data-element_type=\"section\">\n\t\t\t\t\t\t<div class=\"elementor-container elementor-column-gap-default\">\n\t\t\t\t\t<div class=\"elementor-column elementor-col-100 elementor-top-column elementor-element elementor-element-aa74bf2\" data-id=\"aa74bf2\" data-element_type=\"column\">\n\t\t\t<div class=\"elementor-widget-wrap elementor-element-populated\">\n\t\t\t\t\t\t<div class=\"elementor-element elementor-element-09cbbeb elementor-widget elementor-widget-heading\" data-id=\"09cbbeb\" data-element_type=\"widget\" data-widget_type=\"heading.default\">\n\t\t\t\t<div class=\"elementor-widget-container\">\n\t\t\t\t\t<h1 class=\"elementor-heading-title elementor-size-default\">What is Usability?<\/h1>\t\t\t\t<\/div>\n\t\t\t\t<\/div>\n\t\t\t\t\t<\/div>\n\t\t<\/div>\n\t\t\t\t\t<\/div>\n\t\t<\/section>\n\t\t\t\t<section class=\"elementor-section elementor-top-section elementor-element elementor-element-927bd3d elementor-section-boxed elementor-section-height-default elementor-section-height-default\" data-id=\"927bd3d\" data-element_type=\"section\">\n\t\t\t\t\t\t<div class=\"elementor-container elementor-column-gap-default\">\n\t\t\t\t\t<div class=\"elementor-column elementor-col-50 elementor-top-column elementor-element elementor-element-c862109\" data-id=\"c862109\" data-element_type=\"column\">\n\t\t\t<div class=\"elementor-widget-wrap elementor-element-populated\">\n\t\t\t\t\t\t<div class=\"elementor-element elementor-element-52912e2 elementor-widget elementor-widget-wp-widget-text\" data-id=\"52912e2\" data-element_type=\"widget\" data-widget_type=\"wp-widget-text.default\">\n\t\t\t\t<div class=\"elementor-widget-container\">\n\t\t\t\t\t\t\t\t<div class=\"textwidget\"><p>According to ISO 9241-11, usability can be defined as &#8220;the degree to which a product can be used by certain users to achieve specific objectives with effectiveness, efficiency and satisfaction in a specified context of use&#8221; [1].<\/p>\n<p>This standard explains how to identify the information that needs to be considered when specifying or evaluating usability in terms of measures of user performance and satisfaction [2]. It also includes an explanation of how the usability of a product can be specified and evaluated as part of the quality of the system.<\/p>\n<\/div>\n\t\t\t\t\t\t<\/div>\n\t\t\t\t<\/div>\n\t\t\t\t\t<\/div>\n\t\t<\/div>\n\t\t\t\t<div class=\"elementor-column elementor-col-50 elementor-top-column elementor-element elementor-element-21b3be4\" data-id=\"21b3be4\" data-element_type=\"column\">\n\t\t\t<div class=\"elementor-widget-wrap elementor-element-populated\">\n\t\t\t\t\t\t<div class=\"elementor-element elementor-element-45e1bb6 elementor-widget elementor-widget-image\" data-id=\"45e1bb6\" data-element_type=\"widget\" data-widget_type=\"image.default\">\n\t\t\t\t<div class=\"elementor-widget-container\">\n\t\t\t\t\t\t\t\t\t\t\t\t\t\t\t<img loading=\"lazy\" decoding=\"async\" width=\"300\" height=\"238\" src=\"http:\/\/usecv.inf.ucv.cl\/en\/wp-content\/uploads\/sites\/3\/2018\/10\/usa.png\" class=\"attachment-large size-large wp-image-176\" alt=\"\" \/>\t\t\t\t\t\t\t\t\t\t\t\t\t\t\t<\/div>\n\t\t\t\t<\/div>\n\t\t\t\t\t<\/div>\n\t\t<\/div>\n\t\t\t\t\t<\/div>\n\t\t<\/section>\n\t\t\t\t<section class=\"elementor-section elementor-top-section elementor-element elementor-element-131cc2a elementor-section-boxed elementor-section-height-default elementor-section-height-default\" data-id=\"131cc2a\" data-element_type=\"section\">\n\t\t\t\t\t\t<div class=\"elementor-container elementor-column-gap-default\">\n\t\t\t\t\t<div class=\"elementor-column elementor-col-100 elementor-top-column elementor-element elementor-element-f83d4a5\" data-id=\"f83d4a5\" data-element_type=\"column\">\n\t\t\t<div class=\"elementor-widget-wrap elementor-element-populated\">\n\t\t\t\t\t\t<div class=\"elementor-element elementor-element-9811f18 elementor-widget-divider--view-line elementor-widget elementor-widget-divider\" data-id=\"9811f18\" data-element_type=\"widget\" data-widget_type=\"divider.default\">\n\t\t\t\t<div class=\"elementor-widget-container\">\n\t\t\t\t\t\t\t<div class=\"elementor-divider\">\n\t\t\t<span class=\"elementor-divider-separator\">\n\t\t\t\t\t\t<\/span>\n\t\t<\/div>\n\t\t\t\t\t\t<\/div>\n\t\t\t\t<\/div>\n\t\t\t\t\t<\/div>\n\t\t<\/div>\n\t\t\t\t\t<\/div>\n\t\t<\/section>\n\t\t\t\t<section class=\"elementor-section elementor-top-section elementor-element elementor-element-958435d elementor-section-boxed elementor-section-height-default elementor-section-height-default\" data-id=\"958435d\" data-element_type=\"section\">\n\t\t\t\t\t\t<div class=\"elementor-container elementor-column-gap-default\">\n\t\t\t\t\t<div class=\"elementor-column elementor-col-100 elementor-top-column elementor-element elementor-element-ec4bfa2\" data-id=\"ec4bfa2\" data-element_type=\"column\">\n\t\t\t<div class=\"elementor-widget-wrap elementor-element-populated\">\n\t\t\t\t\t\t<div class=\"elementor-element elementor-element-4995ade elementor-widget elementor-widget-heading\" data-id=\"4995ade\" data-element_type=\"widget\" data-widget_type=\"heading.default\">\n\t\t\t\t<div class=\"elementor-widget-container\">\n\t\t\t\t\t<h1 class=\"elementor-heading-title elementor-size-default\">What is User Experience?<\/h1>\t\t\t\t<\/div>\n\t\t\t\t<\/div>\n\t\t\t\t\t<\/div>\n\t\t<\/div>\n\t\t\t\t\t<\/div>\n\t\t<\/section>\n\t\t\t\t<section class=\"elementor-section elementor-top-section elementor-element elementor-element-809a23e elementor-section-boxed elementor-section-height-default elementor-section-height-default\" data-id=\"809a23e\" data-element_type=\"section\">\n\t\t\t\t\t\t<div class=\"elementor-container elementor-column-gap-default\">\n\t\t\t\t\t<div class=\"elementor-column elementor-col-100 elementor-top-column elementor-element elementor-element-806f1b0\" data-id=\"806f1b0\" data-element_type=\"column\">\n\t\t\t<div class=\"elementor-widget-wrap elementor-element-populated\">\n\t\t\t\t\t\t<div class=\"elementor-element elementor-element-1075752 elementor-widget elementor-widget-wp-widget-text\" data-id=\"1075752\" data-element_type=\"widget\" data-widget_type=\"wp-widget-text.default\">\n\t\t\t\t<div class=\"elementor-widget-container\">\n\t\t\t\t\t\t\t\t<div class=\"textwidget\"><div class=\"tx-column tx-column-size-2-3\">\n<p><img fetchpriority=\"high\" decoding=\"async\" fetchpriority=\"high\" class=\"size-medium wp-image-178 alignleft\" src=\"http:\/\/38.242.247.206\/wp-content\/uploads\/2018\/10\/ux-300x186.png\" alt=\"\" width=\"300\" height=\"186\" srcset=\"http:\/\/usecv.inf.ucv.cl\/en\/wp-content\/uploads\/sites\/3\/2018\/10\/ux-300x186.png 300w, http:\/\/usecv.inf.ucv.cl\/en\/wp-content\/uploads\/sites\/3\/2018\/10\/ux.png 420w\" sizes=\"(max-width: 300px) 100vw, 300px\" \/><\/p>\n<p>&#8220;User experience (UX) consists of the real experience that users have with a certain product, when relating or interacting with it. This experience includes sensations and evaluations towards the product, where the designers try to make the final experience as pleasant, positive and satisfactory as possible, receiving as a final satisfaction the loyalty of the user&#8221; [3].<\/p>\n<p>User experience then encompasses all aspects of the end user&#8217;s interaction with the company, its services and its products [4], and is &#8220;the result of a person&#8217;s perceptions and responses to the anticipated use and use of a product, system or service&#8221; [5].<\/p>\n<p>&nbsp;<\/p>\n<p>Peter Morville designed a diagram to explain the importance of the user experience, where the primary thing is to ensure that users find value in what is provided to them. This diagram is called &#8220;User Experience Honeycomb&#8221; [6], and points out that a user experience is meaningful and valuable when the product is:<img loading=\"lazy\" decoding=\"async\" class=\"size-full wp-image-179 alignleft\" src=\"http:\/\/38.242.247.206\/wp-content\/uploads\/2018\/10\/uxx.png\" alt=\"\" width=\"300\" height=\"300\" srcset=\"http:\/\/usecv.inf.ucv.cl\/en\/wp-content\/uploads\/sites\/3\/2018\/10\/uxx.png 300w, http:\/\/usecv.inf.ucv.cl\/en\/wp-content\/uploads\/sites\/3\/2018\/10\/uxx-150x150.png 150w\" sizes=\"(max-width: 300px) 100vw, 300px\" \/><\/p>\n<ul>\n<li style=\"text-align: justify\"><strong><span style=\"color: #4066a4\">Useful<\/span><\/strong>: its content is original and satisfies a need.<\/li>\n<li style=\"text-align: justify\"><strong><span style=\"color: #f79d10\">Usable<\/span><\/strong>: The product is easy to use.<\/li>\n<li style=\"text-align: justify\"><strong><span style=\"color: #08a71e\">Desirable<\/span><\/strong>: Image, identity, brand and other design elements evoke emotions towards the product.<\/li>\n<li style=\"text-align: justify\"><strong><span style=\"color: #95881b\">Localizable<\/span><\/strong>: its content is navigable and localizable inside and outside the product.<\/li>\n<li style=\"text-align: justify\"><strong><span style=\"color: #c10202\">Accesible<\/span><\/strong>: its content is accessible for people with special needs.<\/li>\n<li style=\"text-align: justify\"><span style=\"color: #008b98\"><strong>Credible<\/strong><\/span>: users trust and believe what the product shows.<\/li>\n<li style=\"text-align: justify\"><strong><span style=\"color: #8103af\">Valuable<\/span><\/strong>: This element derives as a result of correctly covering all the others. In this way, it is possible to add more value to the product.<\/li>\n<\/ul>\n<\/div>\n<\/div>\n\t\t\t\t\t\t<\/div>\n\t\t\t\t<\/div>\n\t\t\t\t\t<\/div>\n\t\t<\/div>\n\t\t\t\t\t<\/div>\n\t\t<\/section>\n\t\t\t\t<section class=\"elementor-section elementor-top-section elementor-element elementor-element-ad31147 elementor-section-boxed elementor-section-height-default elementor-section-height-default\" data-id=\"ad31147\" data-element_type=\"section\">\n\t\t\t\t\t\t<div class=\"elementor-container elementor-column-gap-default\">\n\t\t\t\t\t<div class=\"elementor-column elementor-col-100 elementor-top-column elementor-element elementor-element-02523d5\" data-id=\"02523d5\" data-element_type=\"column\">\n\t\t\t<div class=\"elementor-widget-wrap elementor-element-populated\">\n\t\t\t\t\t\t<div class=\"elementor-element elementor-element-928001b elementor-widget-divider--view-line elementor-widget elementor-widget-divider\" data-id=\"928001b\" data-element_type=\"widget\" data-widget_type=\"divider.default\">\n\t\t\t\t<div class=\"elementor-widget-container\">\n\t\t\t\t\t\t\t<div class=\"elementor-divider\">\n\t\t\t<span class=\"elementor-divider-separator\">\n\t\t\t\t\t\t<\/span>\n\t\t<\/div>\n\t\t\t\t\t\t<\/div>\n\t\t\t\t<\/div>\n\t\t\t\t\t<\/div>\n\t\t<\/div>\n\t\t\t\t\t<\/div>\n\t\t<\/section>\n\t\t\t\t<section class=\"elementor-section elementor-top-section elementor-element elementor-element-8cbb3ef elementor-section-boxed elementor-section-height-default elementor-section-height-default\" data-id=\"8cbb3ef\" data-element_type=\"section\">\n\t\t\t\t\t\t<div class=\"elementor-container elementor-column-gap-default\">\n\t\t\t\t\t<div class=\"elementor-column elementor-col-100 elementor-top-column elementor-element elementor-element-f976410\" data-id=\"f976410\" data-element_type=\"column\">\n\t\t\t<div class=\"elementor-widget-wrap elementor-element-populated\">\n\t\t\t\t\t\t<div class=\"elementor-element elementor-element-2aecb12 elementor-widget elementor-widget-wp-widget-text\" data-id=\"2aecb12\" data-element_type=\"widget\" data-widget_type=\"wp-widget-text.default\">\n\t\t\t\t<div class=\"elementor-widget-container\">\n\t\t\t\t\t\t\t\t<div class=\"textwidget\"><p>[1] ISO, 9241-11 (1998). Ergonomic requirements for office work with visual display terminals (VDT\u2019s), in Part 11: Guidance on Usability.<br \/>\n[2] Bevan, N. (2001). International standards for HCI and usability. International journal of human-computer studies, 55(4), 533-552.<br \/>\n[3] Galeano, R. (2007). REVISTA Q, Tecnolog\u00eda, Comunicaci\u00f3n, Educaci\u00f3n. [Online]. http:\/\/revistaq.upb.edu.co\/articulos\/descargar\/234\/pdf<br \/>\n[4] Nielsen, J.; Norman D. NN\/g Nielsen Norman Group. [Online]. http:\/\/www.nngroup.com\/articles\/definition-user-experience\/<br \/>\n[5] Usability Partners. Usability Partners. [Online]. http:\/\/www.usabilitypartners.se\/aboutusability\/<br \/>\n[6] Peter Morville. Usability.gov. [Online]. http:\/\/www.usability.gov\/what-and-why\/userexperience.html<\/p>\n<\/div>\n\t\t\t\t\t\t<\/div>\n\t\t\t\t<\/div>\n\t\t\t\t\t<\/div>\n\t\t<\/div>\n\t\t\t\t\t<\/div>\n\t\t<\/section>\n\t\t\t\t<\/div>\n\t\t","protected":false},"excerpt":{"rendered":"<p>Projects UseCV carries out research projects related mainly to Usability (and related aspects), User Experience, Costumer Experience, and Usability Studies for industries and companies. Publications Year after year, the group publishes research documents redacted by its members. Thesis UseCV guides undergraduate and graduate students who wish to carry out their thesis or degree project in [&hellip;]<\/p>\n","protected":false},"author":1,"featured_media":0,"parent":0,"menu_order":0,"comment_status":"closed","ping_status":"closed","template":"elementor_header_footer","meta":{"ocean_post_layout":"","ocean_both_sidebars_style":"","ocean_both_sidebars_content_width":0,"ocean_both_sidebars_sidebars_width":0,"ocean_sidebar":"0","ocean_second_sidebar":"0","ocean_disable_margins":"enable","ocean_add_body_class":"","ocean_shortcode_before_top_bar":"","ocean_shortcode_after_top_bar":"","ocean_shortcode_before_header":"","ocean_shortcode_after_header":"","ocean_has_shortcode":"","ocean_shortcode_after_title":"","ocean_shortcode_before_footer_widgets":"","ocean_shortcode_after_footer_widgets":"","ocean_shortcode_before_footer_bottom":"[INSERT_ELEMENTOR id=\"434\"]","ocean_shortcode_after_footer_bottom":"","ocean_display_top_bar":"default","ocean_display_header":"default","ocean_header_style":"","ocean_center_header_left_menu":"0","ocean_custom_header_template":"0","ocean_custom_logo":0,"ocean_custom_retina_logo":0,"ocean_custom_logo_max_width":0,"ocean_custom_logo_tablet_max_width":0,"ocean_custom_logo_mobile_max_width":0,"ocean_custom_logo_max_height":0,"ocean_custom_logo_tablet_max_height":0,"ocean_custom_logo_mobile_max_height":0,"ocean_header_custom_menu":"0","ocean_menu_typo_font_family":"0","ocean_menu_typo_font_subset":"","ocean_menu_typo_font_size":0,"ocean_menu_typo_font_size_tablet":0,"ocean_menu_typo_font_size_mobile":0,"ocean_menu_typo_font_size_unit":"px","ocean_menu_typo_font_weight":"","ocean_menu_typo_font_weight_tablet":"","ocean_menu_typo_font_weight_mobile":"","ocean_menu_typo_transform":"","ocean_menu_typo_transform_tablet":"","ocean_menu_typo_transform_mobile":"","ocean_menu_typo_line_height":0,"ocean_menu_typo_line_height_tablet":0,"ocean_menu_typo_line_height_mobile":0,"ocean_menu_typo_line_height_unit":"","ocean_menu_typo_spacing":0,"ocean_menu_typo_spacing_tablet":0,"ocean_menu_typo_spacing_mobile":0,"ocean_menu_typo_spacing_unit":"","ocean_menu_link_color":"","ocean_menu_link_color_hover":"","ocean_menu_link_color_active":"","ocean_menu_link_background":"","ocean_menu_link_hover_background":"","ocean_menu_link_active_background":"","ocean_menu_social_links_bg":"","ocean_menu_social_hover_links_bg":"","ocean_menu_social_links_color":"","ocean_menu_social_hover_links_color":"","ocean_disable_title":"default","ocean_disable_heading":"default","ocean_post_title":"","ocean_post_subheading":"","ocean_post_title_style":"","ocean_post_title_background_color":"","ocean_post_title_background":0,"ocean_post_title_bg_image_position":"","ocean_post_title_bg_image_attachment":"","ocean_post_title_bg_image_repeat":"","ocean_post_title_bg_image_size":"","ocean_post_title_height":0,"ocean_post_title_bg_overlay":0.5,"ocean_post_title_bg_overlay_color":"","ocean_disable_breadcrumbs":"default","ocean_breadcrumbs_color":"","ocean_breadcrumbs_separator_color":"","ocean_breadcrumbs_links_color":"","ocean_breadcrumbs_links_hover_color":"","ocean_display_footer_widgets":"default","ocean_display_footer_bottom":"default","ocean_custom_footer_template":"0","footnotes":""},"class_list":["post-16","page","type-page","status-publish","hentry","entry"],"_links":{"self":[{"href":"http:\/\/usecv.inf.ucv.cl\/en\/wp-json\/wp\/v2\/pages\/16","targetHints":{"allow":["GET"]}}],"collection":[{"href":"http:\/\/usecv.inf.ucv.cl\/en\/wp-json\/wp\/v2\/pages"}],"about":[{"href":"http:\/\/usecv.inf.ucv.cl\/en\/wp-json\/wp\/v2\/types\/page"}],"author":[{"embeddable":true,"href":"http:\/\/usecv.inf.ucv.cl\/en\/wp-json\/wp\/v2\/users\/1"}],"replies":[{"embeddable":true,"href":"http:\/\/usecv.inf.ucv.cl\/en\/wp-json\/wp\/v2\/comments?post=16"}],"version-history":[{"count":20,"href":"http:\/\/usecv.inf.ucv.cl\/en\/wp-json\/wp\/v2\/pages\/16\/revisions"}],"predecessor-version":[{"id":760,"href":"http:\/\/usecv.inf.ucv.cl\/en\/wp-json\/wp\/v2\/pages\/16\/revisions\/760"}],"wp:attachment":[{"href":"http:\/\/usecv.inf.ucv.cl\/en\/wp-json\/wp\/v2\/media?parent=16"}],"curies":[{"name":"wp","href":"https:\/\/api.w.org\/{rel}","templated":true}]}}